{"id":2971,"date":"2025-04-07T22:22:11","date_gmt":"2025-04-07T20:22:11","guid":{"rendered":"https:\/\/finalcomerciodearmasconisrael.org\/a-campana\/carta-ao-goberno-desde-o-mundo-da-cultura\/"},"modified":"2025-05-21T14:19:04","modified_gmt":"2025-05-21T12:19:04","slug":"carta-ao-goberno-desde-o-mundo-da-cultura","status":"publish","type":"page","link":"https:\/\/finalcomerciodearmasconisrael.org\/gl\/a-campana\/carta-ao-goberno-desde-o-mundo-da-cultura\/","title":{"rendered":"Carta ao goberno desde o mundo da cultura"},"content":{"rendered":"<p>[et_pb_section fb_built=&#8221;1&#8243; admin_label=&#8221;intro y descargas&#8221; _builder_version=&#8221;4.27.4&#8243; custom_margin=&#8221;||10px||false|false&#8221; custom_padding=&#8221;||0px|||&#8221; global_colors_info=&#8221;{}&#8221;][et_pb_row _builder_version=&#8221;4.27.4&#8243; _module_preset=&#8221;default&#8221; width=&#8221;60%&#8221; width_tablet=&#8221;60%&#8221; width_phone=&#8221;75%&#8221; width_last_edited=&#8221;on|tablet&#8221; max_width=&#8221;60%&#8221; max_width_tablet=&#8221;60%&#8221; max_width_phone=&#8221;75%&#8221; max_width_last_edited=&#8221;on|phone&#8221; custom_margin_tablet=&#8221;20%||||false|false&#8221; custom_margin_phone=&#8221;30%||||false|false&#8221; custom_margin_last_edited=&#8221;on|desktop&#8221; global_colors_info=&#8221;{}&#8221;][et_pb_column type=&#8221;4_4&#8243; _builder_version=&#8221;4.27.4&#8243; _module_preset=&#8221;default&#8221; global_colors_info=&#8221;{}&#8221;][et_pb_text _builder_version=&#8221;4.27.4&#8243; _module_preset=&#8221;default&#8221; text_font=&#8221;|600|||||||&#8221; text_text_color=&#8221;#57602B&#8221; text_font_size=&#8221;26px&#8221; text_line_height=&#8221;1.6em&#8221; header_text_color=&#8221;#57602B&#8221; header_font_size=&#8221;74px&#8221; custom_margin=&#8221;||6px|||&#8221; header_text_align_tablet=&#8221;&#8221; header_text_align_phone=&#8221;center&#8221; header_text_align_last_edited=&#8221;on|phone&#8221; header_font_size_tablet=&#8221;74px&#8221; header_font_size_phone=&#8221;54px&#8221; header_font_size_last_edited=&#8221;on|phone&#8221; global_colors_info=&#8221;{}&#8221;]<\/p>\n<h1>Carta ao goberno<\/h1>\n<p>[\/et_pb_text][et_pb_text _builder_version=&#8221;4.27.4&#8243; _module_preset=&#8221;default&#8221; text_font=&#8221;Hoax Regular|||on|||||&#8221; text_text_color=&#8221;#A93A3D&#8221; text_font_size=&#8221;33px&#8221; text_line_height=&#8221;1.2em&#8221; custom_margin=&#8221;|0px|||false|false&#8221; custom_margin_tablet=&#8221;|||0%|false|false&#8221; custom_margin_phone=&#8221;||||false|true&#8221; custom_margin_last_edited=&#8221;on|tablet&#8221; custom_padding=&#8221;|20%|||false|false&#8221; custom_padding_tablet=&#8221;|20%|||false|false&#8221; custom_padding_phone=&#8221;|0%|||false|false&#8221; custom_padding_last_edited=&#8221;on|desktop&#8221; text_orientation_tablet=&#8221;left&#8221; text_orientation_phone=&#8221;center&#8221; text_orientation_last_edited=&#8221;on|tablet&#8221; global_colors_info=&#8221;{}&#8221;]<\/p>\n<p>PO\u00d1\u00c1MOSLLE FIN AO COMERCIO DE ARMAS CON ISRAEL!<\/p>\n<p>[\/et_pb_text][et_pb_text _builder_version=&#8221;4.27.4&#8243; _module_preset=&#8221;default&#8221; text_font=&#8221;|600|||||||&#8221; text_text_color=&#8221;#57602B&#8221; text_font_size=&#8221;26px&#8221; text_line_height=&#8221;1.6em&#8221; text_orientation_tablet=&#8221;&#8221; text_orientation_phone=&#8221;center&#8221; text_orientation_last_edited=&#8221;on|phone&#8221; global_colors_info=&#8221;{}&#8221;]Estimado se\u00f1or presidente Pedro S\u00e1nchez,[\/et_pb_text][et_pb_text _builder_version=&#8221;4.27.4&#8243; _module_preset=&#8221;default&#8221; global_colors_info=&#8221;{}&#8221;]<\/p>\n<p>Diferentes personas del mundo de la cultura nos unimos para transmitirle que estamos profundamente preocupados por la grave situaci\u00f3n de opresi\u00f3n y violencia que sufre el pueblo palestino bajo el genocidio y r\u00e9gimen de apartheid y ocupaci\u00f3n israel\u00ed. Como personas comprometidas con los valores de la justicia, la paz y los derechos humanos, sentimos la responsabilidad de alzar nuestras voces contra las injusticias que perpet\u00faan el sufrimiento de la poblaci\u00f3n palestina.<\/p>\n<p>[\/et_pb_text][et_pb_toggle title=&#8221;Ler carta completa&#8221; open_toggle_text_color=&#8221;RGBA(255,255,255,0)&#8221; open_toggle_background_color=&#8221;RGBA(255,255,255,0)&#8221; closed_toggle_background_color=&#8221;RGBA(255,255,255,0)&#8221; icon_color=&#8221;#A93A3D&#8221; toggle_icon=&#8221;&#xf055;||fa||900&#8243; use_icon_font_size=&#8221;on&#8221; icon_font_size=&#8221;24px&#8221; open_icon_color=&#8221;#57602B&#8221; open_toggle_icon=&#8221;&#xf056;||fa||900&#8243; open_use_icon_font_size=&#8221;on&#8221; open_icon_font_size=&#8221;24px&#8221; _builder_version=&#8221;4.27.4&#8243; _module_preset=&#8221;default&#8221; title_text_color=&#8221;#A93A3D&#8221; title_font=&#8221;&#8211;et_global_body_font||||||||&#8221; title_text_align=&#8221;right&#8221; title_font_size=&#8221;19px&#8221; body_font_size=&#8221;19px&#8221; body_link_font=&#8221;||||on|||#D8C693|&#8221; body_link_text_color=&#8221;#A93A3D&#8221; custom_margin=&#8221;20px||20px||true|false&#8221; custom_padding=&#8221;30px|0px|30px|0px|true|false&#8221; body_text_align_tablet=&#8221;&#8221; body_text_align_phone=&#8221;&#8221; body_text_align_last_edited=&#8221;on|phone&#8221; border_width_all=&#8221;0px&#8221; border_color_all=&#8221;#A93A3D&#8221; border_width_top=&#8221;1px&#8221; border_color_top=&#8221;#D8C693&#8243; border_width_bottom=&#8221;1px&#8221; border_color_bottom=&#8221;#D8C693&#8243; global_colors_info=&#8221;{}&#8221; border_color_all__hover_enabled=&#8221;on|desktop&#8221; border_color_all__hover=&#8221;#57602B&#8221; body_link_text_color__hover_enabled=&#8221;on|hover&#8221; body_link_text_color__hover=&#8221;#BEA04B&#8221;]<\/p>\n<p>Ped\u00edmoslle que tome medidas urxentes para impo\u00f1er un embargo integral de armas a Israel Os embargos de armas son unha poderosa medida para axudar ao mantemento da paz e demostraron ser efectivos noutros moitos contextos, e foron unha ferramenta fundamental para acabar co apartheid surafricano. Sabemos que est\u00e1 nas s\u00faas mans. Non s\u00f3 \u00e9 un imperativo moral, sen\u00f3n tam\u00e9n unha obrigaci\u00f3n baixo o dereito internacional.<\/p>\n<p>Levamos demasiados meses vendo con horror as masacres que leva a cabo Israel cada d\u00eda. A provisi\u00f3n de armamento e munici\u00f3n dende Espa\u00f1a, o tr\u00e1nsito de armas e combustible militar polo noso territorio e a compra de material militar contrib\u00faen a perpetuar a ocupaci\u00f3n e a financiar un xenocidio sobre o pobo palestino, e incrementan a p\u00e9rdida de vidas e sufrimento de civiles.<\/p>\n<p>A nivel internacional Espa\u00f1a destacou como un pa\u00eds que se posicionou a favor da paz e do pobo palestino. Pero non \u00e9 suficiente. Mentres Espa\u00f1a siga tendo relaci\u00f3ns militares con Israel, seguir\u00e1 sendo c\u00f3mplice desta masacre. A poboaci\u00f3n do Estado espa\u00f1ol leva meses enchendo as r\u00faas exixindo medidas por parte do seu goberno. Debe escoitar ao pobo que non quere ser c\u00f3mplice desta masacre.    <\/p>\n<p>Un goberno como o que vostede preside, que se define como progresista e que busca abanderar a defensa dos dereitos humanos e o dereito internacional a nivel global, debe facer a\u00ednda moito m\u00e1is polos dereitos do pobo palestino e do pobo liban\u00e9s sumando a s\u00faa voz \u00e1 de outras naci\u00f3ns que xa detiveron o comercio de armas con Israel e mostrarse as\u00ed como un faro de luz entre tanta escuridade.<\/p>\n<p>O pobo palestino soportou d\u00e9cadas de ocupaci\u00f3n, desplazamento e violaci\u00f3ns sistem\u00e1ticas dos seus dereitos fundamentais. \u00c9 responsabilidade da comunidade internacional, incluida Espa\u00f1a, non ser c\u00f3mplices, directa ou indirectamente, deste r\u00e9xime de opresi\u00f3n. O embargo de armas \u00e9 unha acci\u00f3n concreta e urxente para po\u00f1er fin \u00e1 violencia desmedida e contribu\u00edr a unha soluci\u00f3n xusta.  <\/p>\n<p>Confiamos en que adopte unha postura valente e coherente, e que apoie os esforzos internacionais que procuran unha paz duradeira baseada na xustiza e no respecto aos dereitos humanos. A historia xulgaranos polas nosas acci\u00f3ns en momentos cr\u00edticos como este. No podemos seguir permitiendo que Israel se lleve m\u00e1s vidas palestinas. Pongamos fin a este horror.   <\/p>\n<p>[\/et_pb_toggle][et_pb_text _builder_version=&#8221;4.27.4&#8243; _module_preset=&#8221;default&#8221; text_font=&#8221;Hoax Regular|||on|||||&#8221; text_text_color=&#8221;#57602B&#8221; text_font_size=&#8221;33px&#8221; text_line_height=&#8221;1.2em&#8221; custom_margin=&#8221;49px|0px|||false|false&#8221; custom_margin_tablet=&#8221;|||0%|false|false&#8221; custom_margin_phone=&#8221;||||false|true&#8221; custom_margin_last_edited=&#8221;on|tablet&#8221; custom_padding=&#8221;|20%|||false|false&#8221; custom_padding_tablet=&#8221;|20%|||false|false&#8221; custom_padding_phone=&#8221;|0%|||false|false&#8221; custom_padding_last_edited=&#8221;on|desktop&#8221; text_orientation_tablet=&#8221;left&#8221; text_orientation_phone=&#8221;center&#8221; text_orientation_last_edited=&#8221;on|tablet&#8221; global_colors_info=&#8221;{}&#8221;]O EMBARGO DE ARMAS \u00c9 UNHA ACCI\u00d3N CONCRETA E URXENTE PARA PO\u00d1ER FIN \u00c1 VIOLENCIA DESMEDIDA E CONTRIBU\u00cdR A UNHA SOLUCI\u00d3N XUSTA[\/et_pb_text][et_pb_text _builder_version=&#8221;4.27.4&#8243; _module_preset=&#8221;default&#8221; text_font=&#8221;|600|||||||&#8221; text_text_color=&#8221;#57602B&#8221; text_font_size=&#8221;26px&#8221; text_line_height=&#8221;1.6em&#8221; text_orientation_tablet=&#8221;&#8221; text_orientation_phone=&#8221;center&#8221; text_orientation_last_edited=&#8221;on|phone&#8221; global_colors_info=&#8221;{}&#8221;]Esperamos a s\u00faa pronta e firme resposta a esta petici\u00f3n, que reflexa o desexo de constru\u00edr un futuro onde os dereitos e a dignidade dos pobos sexan respectados.[\/et_pb_text][\/et_pb_column][\/et_pb_row][\/et_pb_section][et_pb_section fb_built=&#8221;1&#8243; disabled_on=&#8221;off|off|off&#8221; _builder_version=&#8221;4.27.4&#8243; _module_preset=&#8221;default&#8221; background_color=&#8221;#BEA04B&#8221; custom_margin=&#8221;100px||52px||false|false&#8221; custom_padding=&#8221;||68px|||&#8221; global_colors_info=&#8221;{}&#8221;][et_pb_row _builder_version=&#8221;4.27.4&#8243; _module_preset=&#8221;default&#8221; global_colors_info=&#8221;{}&#8221;][et_pb_column type=&#8221;4_4&#8243; _builder_version=&#8221;4.27.4&#8243; _module_preset=&#8221;default&#8221; global_colors_info=&#8221;{}&#8221;][et_pb_text _builder_version=&#8221;4.27.4&#8243; _module_preset=&#8221;default&#8221; text_font=&#8221;|600||on|||||&#8221; text_text_color=&#8221;#FFFFFF&#8221; text_font_size=&#8221;24px&#8221; text_orientation=&#8221;center&#8221; custom_padding=&#8221;||66px|||&#8221; global_colors_info=&#8221;{}&#8221;]<\/p>\n<p>Asinan esta carta&#8230;<\/p>\n<p>[\/et_pb_text][\/et_pb_column][\/et_pb_row][et_pb_row column_structure=&#8221;1_5,1_5,1_5,1_5,1_5&#8243; use_custom_gutter=&#8221;on&#8221; gutter_width=&#8221;1&#8243; make_equal=&#8221;on&#8221; module_class=&#8221;ds-carousel&#8221; _builder_version=&#8221;4.27.4&#8243; _module_preset=&#8221;default&#8221; width=&#8221;90%&#8221; max_width=&#8221;90%&#8221; custom_margin=&#8221;|auto|16px|auto|false|false&#8221; custom_padding=&#8221;||13px||false|false&#8221; global_colors_info=&#8221;{}&#8221;][et_pb_column type=&#8221;1_5&#8243; _builder_version=&#8221;4.27.4&#8243; _module_preset=&#8221;default&#8221; global_colors_info=&#8221;{}&#8221;][et_pb_blurb title=&#8221;Pedro Almodobar&#8221; image=&#8221;https:\/\/finalcomerciodearmasconisrael.org\/wp-content\/uploads\/2025\/04\/allmodovar.png&#8221; image_icon_width=&#8221;54%&#8221; image_icon_width_tablet=&#8221;54%&#8221; image_icon_width_phone=&#8221;54%&#8221; image_icon_width_last_edited=&#8221;on|desktop&#8221; _builder_version=&#8221;4.27.4&#8243; _module_preset=&#8221;default&#8221; header_font=&#8221;&#8211;et_global_body_font|600|||||||&#8221; header_text_align=&#8221;center&#8221; header_text_color=&#8221;#FFFFFF&#8221; body_font=&#8221;|300|||||||&#8221; body_text_color=&#8221;#FFFFFF&#8221; body_font_size=&#8221;18px&#8221; text_orientation=&#8221;center&#8221; background_layout=&#8221;dark&#8221; border_radii_image=&#8221;on|50%|50%|50%|50%&#8221; border_width_all_image=&#8221;1px&#8221; border_color_all_image=&#8221;#D8C693&#8243; global_colors_info=&#8221;{}&#8221; min_height=&#8221;353px&#8221;]<\/p>\n<p>Cineasta<\/p>\n<p>[\/et_pb_blurb][\/et_pb_column][et_pb_column type=&#8221;1_5&#8243; _builder_version=&#8221;4.27.4&#8243; _module_preset=&#8221;default&#8221; global_colors_info=&#8221;{}&#8221;][et_pb_blurb title=&#8221;Maruja torres&#8221; image=&#8221;https:\/\/finalcomerciodearmasconisrael.org\/wp-content\/uploads\/2025\/04\/MarujaTorres.png&#8221; image_icon_width=&#8221;54%&#8221; image_icon_width_tablet=&#8221;54%&#8221; image_icon_width_phone=&#8221;54%&#8221; image_icon_width_last_edited=&#8221;on|desktop&#8221; _builder_version=&#8221;4.27.4&#8243; _module_preset=&#8221;default&#8221; header_font=&#8221;&#8211;et_global_body_font|600|||||||&#8221; header_text_align=&#8221;center&#8221; header_text_color=&#8221;#FFFFFF&#8221; body_font=&#8221;|300|||||||&#8221; body_text_color=&#8221;#FFFFFF&#8221; body_font_size=&#8221;18px&#8221; text_orientation=&#8221;center&#8221; background_layout=&#8221;dark&#8221; min_height=&#8221;353px&#8221; border_radii_image=&#8221;on|50%|50%|50%|50%&#8221; border_width_all_image=&#8221;1px&#8221; border_color_all_image=&#8221;#D8C693&#8243; global_colors_info=&#8221;{}&#8221;]<\/p>\n<p>Escritora e periodista<\/p>\n<p>[\/et_pb_blurb][\/et_pb_column][et_pb_column type=&#8221;1_5&#8243; _builder_version=&#8221;4.27.4&#8243; _module_preset=&#8221;default&#8221; global_colors_info=&#8221;{}&#8221;][et_pb_blurb title=&#8221;Andreu Buenafuente&#8221; image=&#8221;https:\/\/finalcomerciodearmasconisrael.org\/wp-content\/uploads\/2025\/04\/buenafuente.png&#8221; image_icon_width=&#8221;54%&#8221; image_icon_width_tablet=&#8221;54%&#8221; image_icon_width_phone=&#8221;54%&#8221; image_icon_width_last_edited=&#8221;on|desktop&#8221; _builder_version=&#8221;4.27.4&#8243; _module_preset=&#8221;default&#8221; header_font=&#8221;&#8211;et_global_body_font|600|||||||&#8221; header_text_align=&#8221;center&#8221; header_text_color=&#8221;#FFFFFF&#8221; body_font=&#8221;|300|||||||&#8221; body_text_color=&#8221;#FFFFFF&#8221; body_font_size=&#8221;18px&#8221; text_orientation=&#8221;center&#8221; background_layout=&#8221;dark&#8221; min_height=&#8221;353px&#8221; hover_enabled=&#8221;0&#8243; border_radii_image=&#8221;on|50%|50%|50%|50%&#8221; border_width_all_image=&#8221;1px&#8221; border_color_all_image=&#8221;#D8C693&#8243; global_colors_info=&#8221;{}&#8221; sticky_enabled=&#8221;0&#8243;]<\/p>\n<p>Presentador e humorista<\/p>\n<p>[\/et_pb_blurb][\/et_pb_column][et_pb_column type=&#8221;1_5&#8243; _builder_version=&#8221;4.27.4&#8243; _module_preset=&#8221;default&#8221; global_colors_info=&#8221;{}&#8221;][et_pb_blurb title=&#8221;Rozal\u00e9n&#8221; image=&#8221;https:\/\/finalcomerciodearmasconisrael.org\/wp-content\/uploads\/2025\/04\/Rozalen.png&#8221; image_icon_width=&#8221;54%&#8221; image_icon_width_tablet=&#8221;54%&#8221; image_icon_width_phone=&#8221;54%&#8221; image_icon_width_last_edited=&#8221;on|desktop&#8221; _builder_version=&#8221;4.27.4&#8243; _module_preset=&#8221;default&#8221; header_font=&#8221;&#8211;et_global_body_font|600|||||||&#8221; header_text_align=&#8221;center&#8221; header_text_color=&#8221;#FFFFFF&#8221; body_font=&#8221;|300|||||||&#8221; body_text_color=&#8221;#FFFFFF&#8221; body_font_size=&#8221;18px&#8221; text_orientation=&#8221;center&#8221; background_layout=&#8221;dark&#8221; min_height=&#8221;353px&#8221; border_radii_image=&#8221;on|50%|50%|50%|50%&#8221; border_width_all_image=&#8221;1px&#8221; border_color_all_image=&#8221;#D8C693&#8243; global_colors_info=&#8221;{}&#8221;]Cantante e compositora[\/et_pb_blurb][\/et_pb_column][et_pb_column type=&#8221;1_5&#8243; _builder_version=&#8221;4.27.4&#8243; _module_preset=&#8221;default&#8221; global_colors_info=&#8221;{}&#8221;][et_pb_blurb title=&#8221;Juan Diego Botto&#8221; image=&#8221;https:\/\/finalcomerciodearmasconisrael.org\/wp-content\/uploads\/2025\/04\/diego-boto.png&#8221; image_icon_width=&#8221;54%&#8221; image_icon_width_tablet=&#8221;54%&#8221; image_icon_width_phone=&#8221;54%&#8221; image_icon_width_last_edited=&#8221;on|desktop&#8221; _builder_version=&#8221;4.27.4&#8243; _module_preset=&#8221;default&#8221; header_font=&#8221;&#8211;et_global_body_font|600|||||||&#8221; header_text_align=&#8221;center&#8221; header_text_color=&#8221;#FFFFFF&#8221; body_font=&#8221;|300|||||||&#8221; body_text_color=&#8221;#FFFFFF&#8221; body_font_size=&#8221;18px&#8221; text_orientation=&#8221;center&#8221; background_layout=&#8221;dark&#8221; min_height=&#8221;353px&#8221; border_radii_image=&#8221;on|50%|50%|50%|50%&#8221; border_width_all_image=&#8221;1px&#8221; border_color_all_image=&#8221;#D8C693&#8243; global_colors_info=&#8221;{}&#8221;]<\/p>\n<p>Actor<\/p>\n<p>[\/et_pb_blurb][\/et_pb_column][\/et_pb_row][et_pb_row column_structure=&#8221;1_4,1_4,1_4,1_4&#8243; use_custom_gutter=&#8221;on&#8221; gutter_width=&#8221;1&#8243; make_equal=&#8221;on&#8221; module_class=&#8221;ds-carousel&#8221; _builder_version=&#8221;4.27.4&#8243; _module_preset=&#8221;default&#8221; max_width=&#8221;80%&#8221; custom_padding=&#8221;1px||0px||false|false&#8221; global_colors_info=&#8221;{}&#8221;][et_pb_column type=&#8221;1_4&#8243; _builder_version=&#8221;4.27.4&#8243; _module_preset=&#8221;default&#8221; global_colors_info=&#8221;{}&#8221;][et_pb_blurb title=&#8221;Alba Flores&#8221; image=&#8221;https:\/\/finalcomerciodearmasconisrael.org\/wp-content\/uploads\/2025\/04\/flores-1.png&#8221; image_icon_width=&#8221;54%&#8221; image_icon_width_tablet=&#8221;54%&#8221; image_icon_width_phone=&#8221;54%&#8221; image_icon_width_last_edited=&#8221;on|desktop&#8221; _builder_version=&#8221;4.27.4&#8243; _module_preset=&#8221;default&#8221; header_font=&#8221;&#8211;et_global_body_font|600|||||||&#8221; header_text_align=&#8221;center&#8221; header_text_color=&#8221;#FFFFFF&#8221; body_font=&#8221;|300|||||||&#8221; body_text_color=&#8221;#FFFFFF&#8221; body_font_size=&#8221;18px&#8221; text_orientation=&#8221;center&#8221; background_layout=&#8221;dark&#8221; min_height=&#8221;353px&#8221; border_radii_image=&#8221;on|50%|50%|50%|50%&#8221; border_width_all_image=&#8221;1px&#8221; border_color_all_image=&#8221;#D8C693&#8243; global_colors_info=&#8221;{}&#8221;]<\/p>\n<p>Actriz<\/p>\n<p>[\/et_pb_blurb][\/et_pb_column][et_pb_column type=&#8221;1_4&#8243; _builder_version=&#8221;4.27.4&#8243; _module_preset=&#8221;default&#8221; global_colors_info=&#8221;{}&#8221;][et_pb_blurb title=&#8221;Iciar Bolla\u00edn&#8221; image=&#8221;https:\/\/finalcomerciodearmasconisrael.org\/wp-content\/uploads\/2025\/04\/Bollain.png&#8221; image_icon_width=&#8221;54%&#8221; image_icon_width_tablet=&#8221;54%&#8221; image_icon_width_phone=&#8221;54%&#8221; image_icon_width_last_edited=&#8221;on|desktop&#8221; _builder_version=&#8221;4.27.4&#8243; _module_preset=&#8221;default&#8221; header_font=&#8221;&#8211;et_global_body_font|600|||||||&#8221; header_text_align=&#8221;center&#8221; header_text_color=&#8221;#FFFFFF&#8221; body_font=&#8221;|300|||||||&#8221; body_text_color=&#8221;#FFFFFF&#8221; body_font_size=&#8221;18px&#8221; text_orientation=&#8221;center&#8221; background_layout=&#8221;dark&#8221; min_height=&#8221;353px&#8221; border_radii_image=&#8221;on|50%|50%|50%|50%&#8221; border_width_all_image=&#8221;1px&#8221; border_color_all_image=&#8221;#D8C693&#8243; global_colors_info=&#8221;{}&#8221;]Directora e actriz de cine[\/et_pb_blurb][\/et_pb_column][et_pb_column type=&#8221;1_4&#8243; _builder_version=&#8221;4.27.4&#8243; _module_preset=&#8221;default&#8221; global_colors_info=&#8221;{}&#8221;][et_pb_blurb title=&#8221;Luis Tosar&#8221; image=&#8221;https:\/\/finalcomerciodearmasconisrael.org\/wp-content\/uploads\/2025\/04\/tosar.png&#8221; image_icon_width=&#8221;54%&#8221; image_icon_width_tablet=&#8221;54%&#8221; image_icon_width_phone=&#8221;54%&#8221; image_icon_width_last_edited=&#8221;on|desktop&#8221; _builder_version=&#8221;4.27.4&#8243; _module_preset=&#8221;default&#8221; header_font=&#8221;&#8211;et_global_body_font|600|||||||&#8221; header_text_align=&#8221;center&#8221; header_text_color=&#8221;#FFFFFF&#8221; body_font=&#8221;|300|||||||&#8221; body_text_color=&#8221;#FFFFFF&#8221; body_font_size=&#8221;18px&#8221; text_orientation=&#8221;center&#8221; background_layout=&#8221;dark&#8221; min_height=&#8221;353px&#8221; border_radii_image=&#8221;on|50%|50%|50%|50%&#8221; border_width_all_image=&#8221;1px&#8221; border_color_all_image=&#8221;#D8C693&#8243; global_colors_info=&#8221;{}&#8221;]<\/p>\n<p>Actor<\/p>\n<p>[\/et_pb_blurb][\/et_pb_column][et_pb_column type=&#8221;1_4&#8243; _builder_version=&#8221;4.27.4&#8243; _module_preset=&#8221;default&#8221; global_colors_info=&#8221;{}&#8221;][et_pb_blurb title=&#8221;Marisa Paredes&#8221; image=&#8221;https:\/\/finalcomerciodearmasconisrael.org\/wp-content\/uploads\/2025\/04\/Paredes.png&#8221; image_icon_width=&#8221;54%&#8221; image_icon_width_tablet=&#8221;54%&#8221; image_icon_width_phone=&#8221;54%&#8221; image_icon_width_last_edited=&#8221;on|desktop&#8221; _builder_version=&#8221;4.27.4&#8243; _module_preset=&#8221;default&#8221; header_font=&#8221;&#8211;et_global_body_font|600|||||||&#8221; header_text_align=&#8221;center&#8221; header_text_color=&#8221;#FFFFFF&#8221; body_font=&#8221;|300|||||||&#8221; body_text_color=&#8221;#FFFFFF&#8221; body_font_size=&#8221;18px&#8221; text_orientation=&#8221;center&#8221; background_layout=&#8221;dark&#8221; min_height=&#8221;353px&#8221; border_radii_image=&#8221;on|50%|50%|50%|50%&#8221; border_width_all_image=&#8221;1px&#8221; border_color_all_image=&#8221;#D8C693&#8243; global_colors_info=&#8221;{}&#8221;]<\/p>\n<p>Actriz<\/p>\n<p>[\/et_pb_blurb][\/et_pb_column][\/et_pb_row][\/et_pb_section][et_pb_section fb_built=&#8221;1&#8243; admin_label=&#8221;intro&#8221; _builder_version=&#8221;4.27.4&#8243; custom_margin=&#8221;||160px||false|false&#8221; custom_padding=&#8221;7px||0px|||&#8221; global_colors_info=&#8221;{}&#8221;][et_pb_row _builder_version=&#8221;4.27.4&#8243; _module_preset=&#8221;default&#8221; global_colors_info=&#8221;{}&#8221;][et_pb_column type=&#8221;4_4&#8243; _builder_version=&#8221;4.27.4&#8243; _module_preset=&#8221;default&#8221; global_colors_info=&#8221;{}&#8221;][et_pb_code _builder_version=&#8221;4.27.4&#8243; _module_preset=&#8221;default&#8221; text_orientation=&#8221;left&#8221; global_colors_info=&#8221;{}&#8221;]<div class=\"gswpts_tables_container gswpts_table_8\" id=\"8\" data-nonce=\"55551e1f45\" data-ai-summary=\"false\" data-summary-source=\"generate_on_click\" data-summary-display=\"always_show\"><div class=\"gswpts_tables_content\">\n\t\t\t<div class=\"ui segment gswpts_table_loader\">\n\t\t\t\t<div class=\"ui active inverted dimmer\">\n\t\t\t\t\t<div class=\"ui large text loader\">Loading<\/div>\n\t\t\t\t<\/div>\n\t\t\t\t<p><\/p>\n\t\t\t\t<p><\/p>\n\t\t\t\t<p><\/p>\n\t\t\t<\/div>\n\t\t<\/div><\/div><br><br>[\/et_pb_code][\/et_pb_column][\/et_pb_row][\/et_pb_section]<\/p>\n","protected":false},"excerpt":{"rendered":"<p>Carta ao gobernoPO\u00d1\u00c1MOSLLE FIN AO COMERCIO DE ARMAS CON ISRAEL!Estimado se\u00f1or presidente Pedro S\u00e1nchez,Diferentes personas del mundo de la cultura nos unimos para transmitirle que estamos profundamente preocupados por la grave situaci\u00f3n de opresi\u00f3n y violencia que sufre el pueblo palestino bajo el genocidio y r\u00e9gimen de apartheid y ocupaci\u00f3n israel\u00ed. Como personas comprometidas con [&hellip;]<\/p>\n","protected":false},"author":2,"featured_media":0,"parent":2950,"menu_order":0,"comment_status":"closed","ping_status":"closed","template":"","meta":{"_et_pb_use_builder":"on","_et_pb_old_content":"","_et_gb_content_width":"","footnotes":""},"class_list":["post-2971","page","type-page","status-publish","hentry"],"_links":{"self":[{"href":"https:\/\/finalcomerciodearmasconisrael.org\/gl\/wp-json\/wp\/v2\/pages\/2971","targetHints":{"allow":["GET"]}}],"collection":[{"href":"https:\/\/finalcomerciodearmasconisrael.org\/gl\/wp-json\/wp\/v2\/pages"}],"about":[{"href":"https:\/\/finalcomerciodearmasconisrael.org\/gl\/wp-json\/wp\/v2\/types\/page"}],"author":[{"embeddable":true,"href":"https:\/\/finalcomerciodearmasconisrael.org\/gl\/wp-json\/wp\/v2\/users\/2"}],"replies":[{"embeddable":true,"href":"https:\/\/finalcomerciodearmasconisrael.org\/gl\/wp-json\/wp\/v2\/comments?post=2971"}],"version-history":[{"count":5,"href":"https:\/\/finalcomerciodearmasconisrael.org\/gl\/wp-json\/wp\/v2\/pages\/2971\/revisions"}],"predecessor-version":[{"id":3127,"href":"https:\/\/finalcomerciodearmasconisrael.org\/gl\/wp-json\/wp\/v2\/pages\/2971\/revisions\/3127"}],"up":[{"embeddable":true,"href":"https:\/\/finalcomerciodearmasconisrael.org\/gl\/wp-json\/wp\/v2\/pages\/2950"}],"wp:attachment":[{"href":"https:\/\/finalcomerciodearmasconisrael.org\/gl\/wp-json\/wp\/v2\/media?parent=2971"}],"curies":[{"name":"wp","href":"https:\/\/api.w.org\/{rel}","templated":true}]}}