{"id":2953,"date":"2025-04-01T10:21:11","date_gmt":"2025-04-01T08:21:11","guid":{"rendered":"https:\/\/finalcomerciodearmasconisrael.org\/a-campana\/entidades-adheridas\/"},"modified":"2025-05-21T14:00:46","modified_gmt":"2025-05-21T12:00:46","slug":"entidades-adheridas","status":"publish","type":"page","link":"https:\/\/finalcomerciodearmasconisrael.org\/gl\/a-campana\/entidades-adheridas\/","title":{"rendered":"Entidades adheridas"},"content":{"rendered":"<p>[et_pb_section fb_built=&#8221;1&#8243; admin_label=&#8221;intro&#8221; _builder_version=&#8221;4.27.4&#8243; custom_margin=&#8221;||160px||false|false&#8221; custom_padding=&#8221;||0px|||&#8221; global_colors_info=&#8221;{}&#8221;][et_pb_row _builder_version=&#8221;4.27.4&#8243; _module_preset=&#8221;default&#8221; width=&#8221;60%&#8221; width_tablet=&#8221;60%&#8221; width_phone=&#8221;75%&#8221; width_last_edited=&#8221;on|tablet&#8221; max_width=&#8221;60%&#8221; max_width_tablet=&#8221;60%&#8221; max_width_phone=&#8221;75%&#8221; max_width_last_edited=&#8221;on|phone&#8221; custom_margin_tablet=&#8221;20%||||false|false&#8221; custom_margin_phone=&#8221;30%||||false|false&#8221; custom_margin_last_edited=&#8221;on|desktop&#8221; global_colors_info=&#8221;{}&#8221;][et_pb_column type=&#8221;4_4&#8243; _builder_version=&#8221;4.27.4&#8243; _module_preset=&#8221;default&#8221; global_colors_info=&#8221;{}&#8221;][et_pb_text _builder_version=&#8221;4.27.4&#8243; _module_preset=&#8221;default&#8221; text_font=&#8221;|600|||||||&#8221; text_text_color=&#8221;#57602B&#8221; text_font_size=&#8221;26px&#8221; text_line_height=&#8221;1.6em&#8221; header_text_color=&#8221;#57602B&#8221; header_font_size=&#8221;74px&#8221; custom_margin=&#8221;||18px|||&#8221; header_text_align_tablet=&#8221;&#8221; header_text_align_phone=&#8221;center&#8221; header_text_align_last_edited=&#8221;on|phone&#8221; header_font_size_tablet=&#8221;74px&#8221; header_font_size_phone=&#8221;54px&#8221; header_font_size_last_edited=&#8221;on|phone&#8221; global_colors_info=&#8221;{}&#8221;]<\/p>\n<h1>Entidades adheridas<\/h1>\n<p>[\/et_pb_text][et_pb_text _builder_version=&#8221;4.27.4&#8243; _module_preset=&#8221;default&#8221; text_font=&#8221;|600|||||||&#8221; text_text_color=&#8221;#57602B&#8221; text_font_size=&#8221;26px&#8221; text_line_height=&#8221;1.6em&#8221; text_orientation_tablet=&#8221;&#8221; text_orientation_phone=&#8221;center&#8221; text_orientation_last_edited=&#8221;on|phone&#8221; global_colors_info=&#8221;{}&#8221;]<\/p>\n<p>A esta campa\u00f1a est\u00e1n adheridas m\u00e1is de 600 organizaci\u00f3ns de todo o estado espa\u00f1ol que podes ver listadas aqu\u00ed.<\/p>\n<p>[\/et_pb_text][\/et_pb_column][\/et_pb_row][et_pb_row _builder_version=&#8221;4.27.4&#8243; _module_preset=&#8221;default&#8221; global_colors_info=&#8221;{}&#8221;][et_pb_column type=&#8221;4_4&#8243; _builder_version=&#8221;4.27.4&#8243; _module_preset=&#8221;default&#8221; global_colors_info=&#8221;{}&#8221;][et_pb_code _builder_version=&#8221;4.27.4&#8243; _module_preset=&#8221;default&#8221; text_orientation=&#8221;center&#8221; global_colors_info=&#8221;{}&#8221;]<div class=\"gswpts_tables_container gswpts_table_7\" id=\"7\" data-nonce=\"19aaee43df\" data-ai-summary=\"false\" data-summary-source=\"generate_on_click\" data-summary-display=\"always_show\"><div class=\"gswpts_tables_content\">\n\t\t\t<div class=\"ui segment gswpts_table_loader\">\n\t\t\t\t<div class=\"ui active inverted dimmer\">\n\t\t\t\t\t<div class=\"ui large text loader\">Loading<\/div>\n\t\t\t\t<\/div>\n\t\t\t\t<p><\/p>\n\t\t\t\t<p><\/p>\n\t\t\t\t<p><\/p>\n\t\t\t<\/div>\n\t\t<\/div><\/div><br><br>[\/et_pb_code][\/et_pb_column][\/et_pb_row][\/et_pb_section]<\/p>\n","protected":false},"excerpt":{"rendered":"<p>Entidades adheridasA esta campa\u00f1a est\u00e1n adheridas m\u00e1is de 600 organizaci\u00f3ns de todo o estado espa\u00f1ol que podes ver listadas aqu\u00ed.<div class=\"gswpts_tables_container gswpts_table_7\" id=\"7\" data-nonce=\"19aaee43df\" data-ai-summary=\"false\" data-summary-source=\"generate_on_click\" data-summary-display=\"always_show\"><div class=\"gswpts_tables_content\">\n\t\t\t<div class=\"ui segment gswpts_table_loader\">\n\t\t\t\t<div class=\"ui active inverted dimmer\">\n\t\t\t\t\t<div class=\"ui large text loader\">Loading<\/div>\n\t\t\t\t<\/div>\n\t\t\t\t<p><\/p>\n\t\t\t\t<p><\/p>\n\t\t\t\t<p><\/p>\n\t\t\t<\/div>\n\t\t<\/div><\/div><br><br><\/p>\n","protected":false},"author":2,"featured_media":0,"parent":2950,"menu_order":0,"comment_status":"closed","ping_status":"closed","template":"","meta":{"_et_pb_use_builder":"on","_et_pb_old_content":"","_et_gb_content_width":"","footnotes":""},"class_list":["post-2953","page","type-page","status-publish","hentry"],"_links":{"self":[{"href":"https:\/\/finalcomerciodearmasconisrael.org\/gl\/wp-json\/wp\/v2\/pages\/2953","targetHints":{"allow":["GET"]}}],"collection":[{"href":"https:\/\/finalcomerciodearmasconisrael.org\/gl\/wp-json\/wp\/v2\/pages"}],"about":[{"href":"https:\/\/finalcomerciodearmasconisrael.org\/gl\/wp-json\/wp\/v2\/types\/page"}],"author":[{"embeddable":true,"href":"https:\/\/finalcomerciodearmasconisrael.org\/gl\/wp-json\/wp\/v2\/users\/2"}],"replies":[{"embeddable":true,"href":"https:\/\/finalcomerciodearmasconisrael.org\/gl\/wp-json\/wp\/v2\/comments?post=2953"}],"version-history":[{"count":2,"href":"https:\/\/finalcomerciodearmasconisrael.org\/gl\/wp-json\/wp\/v2\/pages\/2953\/revisions"}],"predecessor-version":[{"id":2955,"href":"https:\/\/finalcomerciodearmasconisrael.org\/gl\/wp-json\/wp\/v2\/pages\/2953\/revisions\/2955"}],"up":[{"embeddable":true,"href":"https:\/\/finalcomerciodearmasconisrael.org\/gl\/wp-json\/wp\/v2\/pages\/2950"}],"wp:attachment":[{"href":"https:\/\/finalcomerciodearmasconisrael.org\/gl\/wp-json\/wp\/v2\/media?parent=2953"}],"curies":[{"name":"wp","href":"https:\/\/api.w.org\/{rel}","templated":true}]}}