{"id":2905,"date":"2025-04-07T22:22:11","date_gmt":"2025-04-07T20:22:11","guid":{"rendered":"https:\/\/finalcomerciodearmasconisrael.org\/la-campanya\/carta-al-govern-des-del-mon-de-la-cultura\/"},"modified":"2025-05-21T14:19:03","modified_gmt":"2025-05-21T12:19:03","slug":"carta-al-govern-des-del-mon-de-la-cultura","status":"publish","type":"page","link":"https:\/\/finalcomerciodearmasconisrael.org\/ca\/la-campanya\/carta-al-govern-des-del-mon-de-la-cultura\/","title":{"rendered":"Carta al govern des del m\u00f3n de la cultura"},"content":{"rendered":"<p>[et_pb_section fb_built=&#8221;1&#8243; admin_label=&#8221;intro y descargas&#8221; _builder_version=&#8221;4.27.4&#8243; custom_margin=&#8221;||10px||false|false&#8221; custom_padding=&#8221;||0px|||&#8221; global_colors_info=&#8221;{}&#8221;][et_pb_row _builder_version=&#8221;4.27.4&#8243; _module_preset=&#8221;default&#8221; width=&#8221;60%&#8221; width_tablet=&#8221;60%&#8221; width_phone=&#8221;75%&#8221; width_last_edited=&#8221;on|tablet&#8221; max_width=&#8221;60%&#8221; max_width_tablet=&#8221;60%&#8221; max_width_phone=&#8221;75%&#8221; max_width_last_edited=&#8221;on|phone&#8221; custom_margin_tablet=&#8221;20%||||false|false&#8221; custom_margin_phone=&#8221;30%||||false|false&#8221; custom_margin_last_edited=&#8221;on|desktop&#8221; global_colors_info=&#8221;{}&#8221;][et_pb_column type=&#8221;4_4&#8243; _builder_version=&#8221;4.27.4&#8243; _module_preset=&#8221;default&#8221; global_colors_info=&#8221;{}&#8221;][et_pb_text _builder_version=&#8221;4.27.4&#8243; _module_preset=&#8221;default&#8221; text_font=&#8221;|600|||||||&#8221; text_text_color=&#8221;#57602B&#8221; text_font_size=&#8221;26px&#8221; text_line_height=&#8221;1.6em&#8221; header_text_color=&#8221;#57602B&#8221; header_font_size=&#8221;74px&#8221; custom_margin=&#8221;||6px|||&#8221; header_text_align_tablet=&#8221;&#8221; header_text_align_phone=&#8221;center&#8221; header_text_align_last_edited=&#8221;on|phone&#8221; header_font_size_tablet=&#8221;74px&#8221; header_font_size_phone=&#8221;54px&#8221; header_font_size_last_edited=&#8221;on|phone&#8221; global_colors_info=&#8221;{}&#8221;]<\/p>\n<h1>Carta al govern<\/h1>\n<p>[\/et_pb_text][et_pb_text _builder_version=&#8221;4.27.4&#8243; _module_preset=&#8221;default&#8221; text_font=&#8221;Hoax Regular|||on|||||&#8221; text_text_color=&#8221;#A93A3D&#8221; text_font_size=&#8221;33px&#8221; text_line_height=&#8221;1.2em&#8221; custom_margin=&#8221;|0px|||false|false&#8221; custom_margin_tablet=&#8221;|||0%|false|false&#8221; custom_margin_phone=&#8221;||||false|true&#8221; custom_margin_last_edited=&#8221;on|tablet&#8221; custom_padding=&#8221;|20%|||false|false&#8221; custom_padding_tablet=&#8221;|20%|||false|false&#8221; custom_padding_phone=&#8221;|0%|||false|false&#8221; custom_padding_last_edited=&#8221;on|desktop&#8221; text_orientation_tablet=&#8221;left&#8221; text_orientation_phone=&#8221;center&#8221; text_orientation_last_edited=&#8221;on|tablet&#8221; global_colors_info=&#8221;{}&#8221;]<\/p>\n<p>POSEM FI AL COMER\u00c7 D\u2019ARMES AMB ISRAEL!<\/p>\n<p>[\/et_pb_text][et_pb_text _builder_version=&#8221;4.27.4&#8243; _module_preset=&#8221;default&#8221; text_font=&#8221;|600|||||||&#8221; text_text_color=&#8221;#57602B&#8221; text_font_size=&#8221;26px&#8221; text_line_height=&#8221;1.6em&#8221; text_orientation_tablet=&#8221;&#8221; text_orientation_phone=&#8221;center&#8221; text_orientation_last_edited=&#8221;on|phone&#8221; global_colors_info=&#8221;{}&#8221;]Estimat senyor president Pedro S\u00e1nchez,[\/et_pb_text][et_pb_text _builder_version=&#8221;4.27.4&#8243; _module_preset=&#8221;default&#8221; global_colors_info=&#8221;{}&#8221;]<\/p>\n<p>Diferents persones del m\u00f3n de la cultura ens unim per a transmetre-li que estem profundament preocupats per la greu situaci\u00f3 d&#8217;opressi\u00f3 i viol\u00e8ncia que sofreix el poble palest\u00ed sota el genocidi i r\u00e8gim d&#8217;apartheid i ocupaci\u00f3 israeliana. Com a persones compromeses amb els valors de la just\u00edcia, la pau i els drets humans, sentim la responsabilitat d&#8217;al\u00e7ar les nostres veus contra les injust\u00edcies que perpetuen el sofriment de la poblaci\u00f3 palestina. <\/p>\n<p>[\/et_pb_text][et_pb_toggle title=&#8221;Llegir carta completa&#8221; open_toggle_text_color=&#8221;RGBA(255,255,255,0)&#8221; open_toggle_background_color=&#8221;RGBA(255,255,255,0)&#8221; closed_toggle_background_color=&#8221;RGBA(255,255,255,0)&#8221; icon_color=&#8221;#A93A3D&#8221; toggle_icon=&#8221;&#xf055;||fa||900&#8243; use_icon_font_size=&#8221;on&#8221; icon_font_size=&#8221;24px&#8221; open_icon_color=&#8221;#57602B&#8221; open_toggle_icon=&#8221;&#xf056;||fa||900&#8243; open_use_icon_font_size=&#8221;on&#8221; open_icon_font_size=&#8221;24px&#8221; _builder_version=&#8221;4.27.4&#8243; _module_preset=&#8221;default&#8221; title_text_color=&#8221;#A93A3D&#8221; title_font=&#8221;&#8211;et_global_body_font||||||||&#8221; title_text_align=&#8221;right&#8221; title_font_size=&#8221;19px&#8221; body_font_size=&#8221;19px&#8221; body_link_font=&#8221;||||on|||#D8C693|&#8221; body_link_text_color=&#8221;#A93A3D&#8221; custom_margin=&#8221;20px||20px||true|false&#8221; custom_padding=&#8221;30px|0px|30px|0px|true|false&#8221; body_text_align_tablet=&#8221;&#8221; body_text_align_phone=&#8221;&#8221; body_text_align_last_edited=&#8221;on|phone&#8221; border_width_all=&#8221;0px&#8221; border_color_all=&#8221;#A93A3D&#8221; border_width_top=&#8221;1px&#8221; border_color_top=&#8221;#D8C693&#8243; border_width_bottom=&#8221;1px&#8221; border_color_bottom=&#8221;#D8C693&#8243; global_colors_info=&#8221;{}&#8221; border_color_all__hover_enabled=&#8221;on|desktop&#8221; border_color_all__hover=&#8221;#57602B&#8221; body_link_text_color__hover_enabled=&#8221;on|hover&#8221; body_link_text_color__hover=&#8221;#BEA04B&#8221;]<\/p>\n<p>Li demanem que prenga mesures urgents per a imposar un embargament integral d&#8217;armes a Israel. Els embargaments d&#8217;armes s\u00f3n una poderosa mesura per a ajudar al manteniment de la pau i han demostrat ser efectius en molts altres contextos, i van ser una ferramenta fonamental per a acabar amb l&#8217;apartheid sud-afric\u00e0. Sabem que \u00e9s a les seues mans. No sols \u00e9s un imperatiu moral, sin\u00f3 tamb\u00e9 una obligaci\u00f3 sota el dret internacional.   <\/p>\n<p>Portem massa mesos veient amb horror les massacres que duu a terme Israel cada dia. La provisi\u00f3 d&#8217;armament i munici\u00f3 des d&#8217;Espanya, el tr\u00e0nsit d&#8217;armes i combustible militar pel nostre territori i la compra de material militar contribueixen a perpetuar l&#8217;ocupaci\u00f3 i a finan\u00e7ar un genocidi sobre el poble palest\u00ed, i incrementen la p\u00e8rdua de vides i el sofriment de civils. <\/p>\n<p>A escala internacional Espanya ha destacat com un pa\u00eds que s&#8217;ha posicionat a favor de la pau i del poble palest\u00ed. Per\u00f2 no \u00e9s suficient. Mentre Espanya continue tenint relacions militars amb Israel, continuar\u00e0 sent c\u00f2mplice d&#8217;aquesta massacre. La poblaci\u00f3 de l&#8217;Estat espanyol porta mesos omplint els carrers exigint mesures per part del seu Govern. Ha d&#8217;escoltar el poble, que no vol ser c\u00f2mplice d&#8217;esta massacre.   <\/p>\n<p>Un Govern com el que vost\u00e9 presideix, que es defineix com a progressista i que busca abanderar la defensa dels drets humans i del dret internacional a nivell global, ha de fer encara molt m\u00e9s pels drets del poble palest\u00ed i del poble liban\u00e9s sumant la seua veu a la d&#8217;altres nacions que ja han detingut el comer\u00e7 d&#8217;armes amb Israel i mostrar-se aix\u00ed com un far de llum entre tanta foscor.<\/p>\n<p>El poble palest\u00ed ha suportat d\u00e8cades d&#8217;ocupaci\u00f3, despla\u00e7ament i violacions sistem\u00e0tiques dels seus drets fonamentals. \u00c9s responsabilitat de la comunitat internacional, inclosa Espanya, no ser c\u00f2mplices, directament o indirectament, d&#8217;aquest r\u00e8gim d&#8217;opressi\u00f3.  L&#8217;embargament d&#8217;armes \u00e9s una acci\u00f3 concreta i urgent per a posar fi a la viol\u00e8ncia desmesurada i contribuir a una soluci\u00f3 justa.<\/p>\n<p>Confiem en vost\u00e8 per a adoptar una postura valenta i coherent, i donar suport als esfor\u00e7os internacionals que busquin una pau duradora basada en la just\u00edcia i el respecte als drets humans. La hist\u00f2ria ens jutjar\u00e0 per les nostres accions en moments cr\u00edtics com aquest. No podem continuar permetent que Israel es porti m\u00e9s vides palestines. Posem fi a aquest horror. <\/p>\n<p>[\/et_pb_toggle][et_pb_text _builder_version=&#8221;4.27.4&#8243; _module_preset=&#8221;default&#8221; text_font=&#8221;Hoax Regular|||on|||||&#8221; text_text_color=&#8221;#57602B&#8221; text_font_size=&#8221;33px&#8221; text_line_height=&#8221;1.2em&#8221; custom_margin=&#8221;49px|0px|||false|false&#8221; custom_margin_tablet=&#8221;|||0%|false|false&#8221; custom_margin_phone=&#8221;||||false|true&#8221; custom_margin_last_edited=&#8221;on|tablet&#8221; custom_padding=&#8221;|20%|||false|false&#8221; custom_padding_tablet=&#8221;|20%|||false|false&#8221; custom_padding_phone=&#8221;|0%|||false|false&#8221; custom_padding_last_edited=&#8221;on|desktop&#8221; text_orientation_tablet=&#8221;left&#8221; text_orientation_phone=&#8221;center&#8221; text_orientation_last_edited=&#8221;on|tablet&#8221; global_colors_info=&#8221;{}&#8221;]L\u2019EMBARGAMENT D\u2019ARMES \u00c9S UNA ACCI\u00d3 CONCRETA I URGENT PER A POSAR FI A LA VIOL\u00c8NCIA DESMESURADA I CONTRIBUIR A UNA SOLUCI\u00d3 JUSTA.[\/et_pb_text][et_pb_text _builder_version=&#8221;4.27.4&#8243; _module_preset=&#8221;default&#8221; text_font=&#8221;|600|||||||&#8221; text_text_color=&#8221;#57602B&#8221; text_font_size=&#8221;26px&#8221; text_line_height=&#8221;1.6em&#8221; text_orientation_tablet=&#8221;&#8221; text_orientation_phone=&#8221;center&#8221; text_orientation_last_edited=&#8221;on|phone&#8221; global_colors_info=&#8221;{}&#8221;]Esperem la seua r\u00e0pida i ferma resposta a aquesta petici\u00f3, que reflecteix el desig de construir un futur on els drets i la dignitat de tots els pobles siguen respectats.[\/et_pb_text][\/et_pb_column][\/et_pb_row][\/et_pb_section][et_pb_section fb_built=&#8221;1&#8243; disabled_on=&#8221;off|off|off&#8221; _builder_version=&#8221;4.27.4&#8243; _module_preset=&#8221;default&#8221; background_color=&#8221;#BEA04B&#8221; custom_margin=&#8221;100px||52px||false|false&#8221; custom_padding=&#8221;||68px|||&#8221; global_colors_info=&#8221;{}&#8221;][et_pb_row _builder_version=&#8221;4.27.4&#8243; _module_preset=&#8221;default&#8221; global_colors_info=&#8221;{}&#8221;][et_pb_column type=&#8221;4_4&#8243; _builder_version=&#8221;4.27.4&#8243; _module_preset=&#8221;default&#8221; global_colors_info=&#8221;{}&#8221;][et_pb_text _builder_version=&#8221;4.27.4&#8243; _module_preset=&#8221;default&#8221; text_font=&#8221;|600||on|||||&#8221; text_text_color=&#8221;#FFFFFF&#8221; text_font_size=&#8221;24px&#8221; text_orientation=&#8221;center&#8221; custom_padding=&#8221;||66px|||&#8221; global_colors_info=&#8221;{}&#8221;]<\/p>\n<p>signen aquesta carta&#8230;<\/p>\n<p>[\/et_pb_text][\/et_pb_column][\/et_pb_row][et_pb_row column_structure=&#8221;1_5,1_5,1_5,1_5,1_5&#8243; use_custom_gutter=&#8221;on&#8221; gutter_width=&#8221;1&#8243; make_equal=&#8221;on&#8221; module_class=&#8221;ds-carousel&#8221; _builder_version=&#8221;4.27.4&#8243; _module_preset=&#8221;default&#8221; width=&#8221;90%&#8221; max_width=&#8221;90%&#8221; custom_margin=&#8221;|auto|16px|auto|false|false&#8221; custom_padding=&#8221;||13px||false|false&#8221; global_colors_info=&#8221;{}&#8221;][et_pb_column type=&#8221;1_5&#8243; _builder_version=&#8221;4.27.4&#8243; _module_preset=&#8221;default&#8221; global_colors_info=&#8221;{}&#8221;][et_pb_blurb title=&#8221;Pedro Almodobar&#8221; image=&#8221;https:\/\/finalcomerciodearmasconisrael.org\/wp-content\/uploads\/2025\/04\/allmodovar.png&#8221; image_icon_width=&#8221;54%&#8221; image_icon_width_tablet=&#8221;54%&#8221; image_icon_width_phone=&#8221;54%&#8221; image_icon_width_last_edited=&#8221;on|desktop&#8221; _builder_version=&#8221;4.27.4&#8243; _module_preset=&#8221;default&#8221; header_font=&#8221;&#8211;et_global_body_font|600|||||||&#8221; header_text_align=&#8221;center&#8221; header_text_color=&#8221;#FFFFFF&#8221; body_font=&#8221;|300|||||||&#8221; body_text_color=&#8221;#FFFFFF&#8221; body_font_size=&#8221;18px&#8221; text_orientation=&#8221;center&#8221; background_layout=&#8221;dark&#8221; border_radii_image=&#8221;on|50%|50%|50%|50%&#8221; border_width_all_image=&#8221;1px&#8221; border_color_all_image=&#8221;#D8C693&#8243; global_colors_info=&#8221;{}&#8221; min_height=&#8221;353px&#8221;]<\/p>\n<p>Cineasta<\/p>\n<p>[\/et_pb_blurb][\/et_pb_column][et_pb_column type=&#8221;1_5&#8243; _builder_version=&#8221;4.27.4&#8243; _module_preset=&#8221;default&#8221; global_colors_info=&#8221;{}&#8221;][et_pb_blurb title=&#8221;Maruja torres&#8221; image=&#8221;https:\/\/finalcomerciodearmasconisrael.org\/wp-content\/uploads\/2025\/04\/MarujaTorres.png&#8221; image_icon_width=&#8221;54%&#8221; image_icon_width_tablet=&#8221;54%&#8221; image_icon_width_phone=&#8221;54%&#8221; image_icon_width_last_edited=&#8221;on|desktop&#8221; _builder_version=&#8221;4.27.4&#8243; _module_preset=&#8221;default&#8221; header_font=&#8221;&#8211;et_global_body_font|600|||||||&#8221; header_text_align=&#8221;center&#8221; header_text_color=&#8221;#FFFFFF&#8221; body_font=&#8221;|300|||||||&#8221; body_text_color=&#8221;#FFFFFF&#8221; body_font_size=&#8221;18px&#8221; text_orientation=&#8221;center&#8221; background_layout=&#8221;dark&#8221; min_height=&#8221;353px&#8221; border_radii_image=&#8221;on|50%|50%|50%|50%&#8221; border_width_all_image=&#8221;1px&#8221; border_color_all_image=&#8221;#D8C693&#8243; global_colors_info=&#8221;{}&#8221;]<\/p>\n<p>Escriptora i periodista<\/p>\n<p>[\/et_pb_blurb][\/et_pb_column][et_pb_column type=&#8221;1_5&#8243; _builder_version=&#8221;4.27.4&#8243; _module_preset=&#8221;default&#8221; global_colors_info=&#8221;{}&#8221;][et_pb_blurb title=&#8221;Andreu Buenafuente&#8221; image=&#8221;https:\/\/finalcomerciodearmasconisrael.org\/wp-content\/uploads\/2025\/04\/buenafuente.png&#8221; image_icon_width=&#8221;54%&#8221; image_icon_width_tablet=&#8221;54%&#8221; image_icon_width_phone=&#8221;54%&#8221; image_icon_width_last_edited=&#8221;on|desktop&#8221; _builder_version=&#8221;4.27.4&#8243; _module_preset=&#8221;default&#8221; header_font=&#8221;&#8211;et_global_body_font|600|||||||&#8221; header_text_align=&#8221;center&#8221; header_text_color=&#8221;#FFFFFF&#8221; body_font=&#8221;|300|||||||&#8221; body_text_color=&#8221;#FFFFFF&#8221; body_font_size=&#8221;18px&#8221; text_orientation=&#8221;center&#8221; background_layout=&#8221;dark&#8221; min_height=&#8221;353px&#8221; hover_enabled=&#8221;0&#8243; border_radii_image=&#8221;on|50%|50%|50%|50%&#8221; border_width_all_image=&#8221;1px&#8221; border_color_all_image=&#8221;#D8C693&#8243; global_colors_info=&#8221;{}&#8221; sticky_enabled=&#8221;0&#8243;]<\/p>\n<p>Presentador i c\u00f2mic<\/p>\n<p>[\/et_pb_blurb][\/et_pb_column][et_pb_column type=&#8221;1_5&#8243; _builder_version=&#8221;4.27.4&#8243; _module_preset=&#8221;default&#8221; global_colors_info=&#8221;{}&#8221;][et_pb_blurb title=&#8221;Rozal\u00e9n&#8221; image=&#8221;https:\/\/finalcomerciodearmasconisrael.org\/wp-content\/uploads\/2025\/04\/Rozalen.png&#8221; image_icon_width=&#8221;54%&#8221; image_icon_width_tablet=&#8221;54%&#8221; image_icon_width_phone=&#8221;54%&#8221; image_icon_width_last_edited=&#8221;on|desktop&#8221; _builder_version=&#8221;4.27.4&#8243; _module_preset=&#8221;default&#8221; header_font=&#8221;&#8211;et_global_body_font|600|||||||&#8221; header_text_align=&#8221;center&#8221; header_text_color=&#8221;#FFFFFF&#8221; body_font=&#8221;|300|||||||&#8221; body_text_color=&#8221;#FFFFFF&#8221; body_font_size=&#8221;18px&#8221; text_orientation=&#8221;center&#8221; background_layout=&#8221;dark&#8221; min_height=&#8221;353px&#8221; border_radii_image=&#8221;on|50%|50%|50%|50%&#8221; border_width_all_image=&#8221;1px&#8221; border_color_all_image=&#8221;#D8C693&#8243; global_colors_info=&#8221;{}&#8221;]Cantant i compositora[\/et_pb_blurb][\/et_pb_column][et_pb_column type=&#8221;1_5&#8243; _builder_version=&#8221;4.27.4&#8243; _module_preset=&#8221;default&#8221; global_colors_info=&#8221;{}&#8221;][et_pb_blurb title=&#8221;Juan Diego Botto&#8221; image=&#8221;https:\/\/finalcomerciodearmasconisrael.org\/wp-content\/uploads\/2025\/04\/diego-boto.png&#8221; image_icon_width=&#8221;54%&#8221; image_icon_width_tablet=&#8221;54%&#8221; image_icon_width_phone=&#8221;54%&#8221; image_icon_width_last_edited=&#8221;on|desktop&#8221; _builder_version=&#8221;4.27.4&#8243; _module_preset=&#8221;default&#8221; header_font=&#8221;&#8211;et_global_body_font|600|||||||&#8221; header_text_align=&#8221;center&#8221; header_text_color=&#8221;#FFFFFF&#8221; body_font=&#8221;|300|||||||&#8221; body_text_color=&#8221;#FFFFFF&#8221; body_font_size=&#8221;18px&#8221; text_orientation=&#8221;center&#8221; background_layout=&#8221;dark&#8221; min_height=&#8221;353px&#8221; border_radii_image=&#8221;on|50%|50%|50%|50%&#8221; border_width_all_image=&#8221;1px&#8221; border_color_all_image=&#8221;#D8C693&#8243; global_colors_info=&#8221;{}&#8221;]<\/p>\n<p>Actor<\/p>\n<p>[\/et_pb_blurb][\/et_pb_column][\/et_pb_row][et_pb_row column_structure=&#8221;1_4,1_4,1_4,1_4&#8243; use_custom_gutter=&#8221;on&#8221; gutter_width=&#8221;1&#8243; make_equal=&#8221;on&#8221; module_class=&#8221;ds-carousel&#8221; _builder_version=&#8221;4.27.4&#8243; _module_preset=&#8221;default&#8221; max_width=&#8221;80%&#8221; custom_padding=&#8221;1px||0px||false|false&#8221; global_colors_info=&#8221;{}&#8221;][et_pb_column type=&#8221;1_4&#8243; _builder_version=&#8221;4.27.4&#8243; _module_preset=&#8221;default&#8221; global_colors_info=&#8221;{}&#8221;][et_pb_blurb title=&#8221;Alba Flores&#8221; image=&#8221;https:\/\/finalcomerciodearmasconisrael.org\/wp-content\/uploads\/2025\/04\/flores-1.png&#8221; image_icon_width=&#8221;54%&#8221; image_icon_width_tablet=&#8221;54%&#8221; image_icon_width_phone=&#8221;54%&#8221; image_icon_width_last_edited=&#8221;on|desktop&#8221; _builder_version=&#8221;4.27.4&#8243; _module_preset=&#8221;default&#8221; header_font=&#8221;&#8211;et_global_body_font|600|||||||&#8221; header_text_align=&#8221;center&#8221; header_text_color=&#8221;#FFFFFF&#8221; body_font=&#8221;|300|||||||&#8221; body_text_color=&#8221;#FFFFFF&#8221; body_font_size=&#8221;18px&#8221; text_orientation=&#8221;center&#8221; background_layout=&#8221;dark&#8221; min_height=&#8221;353px&#8221; border_radii_image=&#8221;on|50%|50%|50%|50%&#8221; border_width_all_image=&#8221;1px&#8221; border_color_all_image=&#8221;#D8C693&#8243; global_colors_info=&#8221;{}&#8221;]<\/p>\n<p>Actriu<\/p>\n<p>[\/et_pb_blurb][\/et_pb_column][et_pb_column type=&#8221;1_4&#8243; _builder_version=&#8221;4.27.4&#8243; _module_preset=&#8221;default&#8221; global_colors_info=&#8221;{}&#8221;][et_pb_blurb title=&#8221;Iciar Bolla\u00edn&#8221; image=&#8221;https:\/\/finalcomerciodearmasconisrael.org\/wp-content\/uploads\/2025\/04\/Bollain.png&#8221; image_icon_width=&#8221;54%&#8221; image_icon_width_tablet=&#8221;54%&#8221; image_icon_width_phone=&#8221;54%&#8221; image_icon_width_last_edited=&#8221;on|desktop&#8221; _builder_version=&#8221;4.27.4&#8243; _module_preset=&#8221;default&#8221; header_font=&#8221;&#8211;et_global_body_font|600|||||||&#8221; header_text_align=&#8221;center&#8221; header_text_color=&#8221;#FFFFFF&#8221; body_font=&#8221;|300|||||||&#8221; body_text_color=&#8221;#FFFFFF&#8221; body_font_size=&#8221;18px&#8221; text_orientation=&#8221;center&#8221; background_layout=&#8221;dark&#8221; min_height=&#8221;353px&#8221; border_radii_image=&#8221;on|50%|50%|50%|50%&#8221; border_width_all_image=&#8221;1px&#8221; border_color_all_image=&#8221;#D8C693&#8243; global_colors_info=&#8221;{}&#8221;]Directora i actriu de cinema[\/et_pb_blurb][\/et_pb_column][et_pb_column type=&#8221;1_4&#8243; _builder_version=&#8221;4.27.4&#8243; _module_preset=&#8221;default&#8221; global_colors_info=&#8221;{}&#8221;][et_pb_blurb title=&#8221;Luis Tosar&#8221; image=&#8221;https:\/\/finalcomerciodearmasconisrael.org\/wp-content\/uploads\/2025\/04\/tosar.png&#8221; image_icon_width=&#8221;54%&#8221; image_icon_width_tablet=&#8221;54%&#8221; image_icon_width_phone=&#8221;54%&#8221; image_icon_width_last_edited=&#8221;on|desktop&#8221; _builder_version=&#8221;4.27.4&#8243; _module_preset=&#8221;default&#8221; header_font=&#8221;&#8211;et_global_body_font|600|||||||&#8221; header_text_align=&#8221;center&#8221; header_text_color=&#8221;#FFFFFF&#8221; body_font=&#8221;|300|||||||&#8221; body_text_color=&#8221;#FFFFFF&#8221; body_font_size=&#8221;18px&#8221; text_orientation=&#8221;center&#8221; background_layout=&#8221;dark&#8221; min_height=&#8221;353px&#8221; border_radii_image=&#8221;on|50%|50%|50%|50%&#8221; border_width_all_image=&#8221;1px&#8221; border_color_all_image=&#8221;#D8C693&#8243; global_colors_info=&#8221;{}&#8221;]<\/p>\n<p>Actor<\/p>\n<p>[\/et_pb_blurb][\/et_pb_column][et_pb_column type=&#8221;1_4&#8243; _builder_version=&#8221;4.27.4&#8243; _module_preset=&#8221;default&#8221; global_colors_info=&#8221;{}&#8221;][et_pb_blurb title=&#8221;Marisa Paredes&#8221; image=&#8221;https:\/\/finalcomerciodearmasconisrael.org\/wp-content\/uploads\/2025\/04\/Paredes.png&#8221; image_icon_width=&#8221;54%&#8221; image_icon_width_tablet=&#8221;54%&#8221; image_icon_width_phone=&#8221;54%&#8221; image_icon_width_last_edited=&#8221;on|desktop&#8221; _builder_version=&#8221;4.27.4&#8243; _module_preset=&#8221;default&#8221; header_font=&#8221;&#8211;et_global_body_font|600|||||||&#8221; header_text_align=&#8221;center&#8221; header_text_color=&#8221;#FFFFFF&#8221; body_font=&#8221;|300|||||||&#8221; body_text_color=&#8221;#FFFFFF&#8221; body_font_size=&#8221;18px&#8221; text_orientation=&#8221;center&#8221; background_layout=&#8221;dark&#8221; min_height=&#8221;353px&#8221; border_radii_image=&#8221;on|50%|50%|50%|50%&#8221; border_width_all_image=&#8221;1px&#8221; border_color_all_image=&#8221;#D8C693&#8243; global_colors_info=&#8221;{}&#8221;]<\/p>\n<p>Actriu<\/p>\n<p>[\/et_pb_blurb][\/et_pb_column][\/et_pb_row][\/et_pb_section][et_pb_section fb_built=&#8221;1&#8243; admin_label=&#8221;intro&#8221; _builder_version=&#8221;4.27.4&#8243; custom_margin=&#8221;||160px||false|false&#8221; custom_padding=&#8221;7px||0px|||&#8221; global_colors_info=&#8221;{}&#8221;][et_pb_row _builder_version=&#8221;4.27.4&#8243; _module_preset=&#8221;default&#8221; global_colors_info=&#8221;{}&#8221;][et_pb_column type=&#8221;4_4&#8243; _builder_version=&#8221;4.27.4&#8243; _module_preset=&#8221;default&#8221; global_colors_info=&#8221;{}&#8221;][et_pb_code _builder_version=&#8221;4.27.4&#8243; _module_preset=&#8221;default&#8221; text_orientation=&#8221;left&#8221; global_colors_info=&#8221;{}&#8221;]<div class=\"gswpts_tables_container gswpts_table_8\" id=\"8\" data-nonce=\"710112f961\" data-ai-summary=\"false\" data-summary-source=\"generate_on_click\" data-summary-display=\"always_show\"><div class=\"gswpts_tables_content\">\n\t\t\t<div class=\"ui segment gswpts_table_loader\">\n\t\t\t\t<div class=\"ui active inverted dimmer\">\n\t\t\t\t\t<div class=\"ui large text loader\">Loading<\/div>\n\t\t\t\t<\/div>\n\t\t\t\t<p><\/p>\n\t\t\t\t<p><\/p>\n\t\t\t\t<p><\/p>\n\t\t\t<\/div>\n\t\t<\/div><\/div><br><br>[\/et_pb_code][\/et_pb_column][\/et_pb_row][\/et_pb_section]<\/p>\n","protected":false},"excerpt":{"rendered":"<p>Carta al governPOSEM FI AL COMER\u00c7 D\u2019ARMES AMB ISRAEL!Estimat senyor president Pedro S\u00e1nchez,Diferents persones del m\u00f3n de la cultura ens unim per a transmetre-li que estem profundament preocupats per la greu situaci\u00f3 d&#8217;opressi\u00f3 i viol\u00e8ncia que sofreix el poble palest\u00ed sota el genocidi i r\u00e8gim d&#8217;apartheid i ocupaci\u00f3 israeliana. Com a persones compromeses amb els [&hellip;]<\/p>\n","protected":false},"author":2,"featured_media":0,"parent":2879,"menu_order":0,"comment_status":"closed","ping_status":"closed","template":"","meta":{"_et_pb_use_builder":"on","_et_pb_old_content":"","_et_gb_content_width":"","footnotes":""},"class_list":["post-2905","page","type-page","status-publish","hentry"],"_links":{"self":[{"href":"https:\/\/finalcomerciodearmasconisrael.org\/ca\/wp-json\/wp\/v2\/pages\/2905","targetHints":{"allow":["GET"]}}],"collection":[{"href":"https:\/\/finalcomerciodearmasconisrael.org\/ca\/wp-json\/wp\/v2\/pages"}],"about":[{"href":"https:\/\/finalcomerciodearmasconisrael.org\/ca\/wp-json\/wp\/v2\/types\/page"}],"author":[{"embeddable":true,"href":"https:\/\/finalcomerciodearmasconisrael.org\/ca\/wp-json\/wp\/v2\/users\/2"}],"replies":[{"embeddable":true,"href":"https:\/\/finalcomerciodearmasconisrael.org\/ca\/wp-json\/wp\/v2\/comments?post=2905"}],"version-history":[{"count":5,"href":"https:\/\/finalcomerciodearmasconisrael.org\/ca\/wp-json\/wp\/v2\/pages\/2905\/revisions"}],"predecessor-version":[{"id":3126,"href":"https:\/\/finalcomerciodearmasconisrael.org\/ca\/wp-json\/wp\/v2\/pages\/2905\/revisions\/3126"}],"up":[{"embeddable":true,"href":"https:\/\/finalcomerciodearmasconisrael.org\/ca\/wp-json\/wp\/v2\/pages\/2879"}],"wp:attachment":[{"href":"https:\/\/finalcomerciodearmasconisrael.org\/ca\/wp-json\/wp\/v2\/media?parent=2905"}],"curies":[{"name":"wp","href":"https:\/\/api.w.org\/{rel}","templated":true}]}}